{"id":188,"date":"2021-06-14T09:49:49","date_gmt":"2021-06-14T07:49:49","guid":{"rendered":"http:\/\/appart-culinaire.be\/?page_id=188"},"modified":"2021-11-16T12:02:30","modified_gmt":"2021-11-16T11:02:30","slug":"impressum","status":"publish","type":"page","link":"https:\/\/appart-culinaire.be\/de\/impressum\/","title":{"rendered":"Impressum"},"content":{"rendered":"<h3>Verantwortliche Herausgeber:<\/h3>\n<p><strong>Brandt-Willems GmbH<\/strong><br \/>\nGregory Willems &#038; Silvan Brandt \u2013 Gesch\u00e4ftsf\u00fchrer<br \/>\nAppart Culinaire<br \/>\nRue des \u00c9coles 30A<br \/>\nB-4851 Gemmenich<br \/>\nT.: <a href=\"tel:+32471313831\">+32 (0)471 31 38 31<\/a><br \/>\nM.: <a href=\"mailto:info@appart-culinaire.be\">info@appart-culinaire.be<\/a><br \/>\nMwSt.: BE0636.854.488<\/p>\n<p><\/br><\/br><\/p>\n<h3>Realisierung:<\/h3>\n<p><strong>CLOTH. kreativbureau<\/strong><\/p>\n<p>Schnellewindgasse 8<br \/>\nB-4700 Eupen<br \/>\nE-Mail: <a href=\"mailto:info@cloth.be\">info@cloth.be<\/a><br \/>\nWeb: <a href=\"https:\/\/www.cloth.be\" target=\"_blank\" rel=\"noopener noreferrer\">www.cloth.be<\/a><\/p>\n","protected":false},"excerpt":{"rendered":"Verantwortliche Herausgeber: Brandt-Willems GmbH Gregory Willems &#038; Silvan Brandt \u2013 Gesch\u00e4ftsf\u00fchrer Appart Culinaire Rue des \u00c9coles 30A B-4851 Gemmenich T.: +32 (0)471 31 38 31 M.: info@appart-culinaire.be MwSt.: BE0636.854.488 Realisierung: CLOTH. kreativbureau Schnellewindgasse 8 B-4700 Eupen E-Mail: info@cloth.be Web: www.cloth.be","protected":false},"author":1,"featured_media":0,"parent":0,"menu_order":0,"comment_status":"closed","ping_status":"closed","template":"impressum.php","meta":{"_acf_changed":false,"inline_featured_image":false,"footnotes":""},"class_list":["post-188","page","type-page","status-publish","hentry"],"acf":[],"_links":{"self":[{"href":"https:\/\/appart-culinaire.be\/de\/wp-json\/wp\/v2\/pages\/188","targetHints":{"allow":["GET"]}}],"collection":[{"href":"https:\/\/appart-culinaire.be\/de\/wp-json\/wp\/v2\/pages"}],"about":[{"href":"https:\/\/appart-culinaire.be\/de\/wp-json\/wp\/v2\/types\/page"}],"author":[{"embeddable":true,"href":"https:\/\/appart-culinaire.be\/de\/wp-json\/wp\/v2\/users\/1"}],"replies":[{"embeddable":true,"href":"https:\/\/appart-culinaire.be\/de\/wp-json\/wp\/v2\/comments?post=188"}],"version-history":[{"count":7,"href":"https:\/\/appart-culinaire.be\/de\/wp-json\/wp\/v2\/pages\/188\/revisions"}],"predecessor-version":[{"id":190,"href":"https:\/\/appart-culinaire.be\/de\/wp-json\/wp\/v2\/pages\/188\/revisions\/190"}],"wp:attachment":[{"href":"https:\/\/appart-culinaire.be\/de\/wp-json\/wp\/v2\/media?parent=188"}],"curies":[{"name":"wp","href":"https:\/\/api.w.org\/{rel}","templated":true}]}}